{"id":369,"date":"2022-11-10T21:45:58","date_gmt":"2022-11-10T21:45:58","guid":{"rendered":"https:\/\/respuestapositiva.com\/?page_id=369"},"modified":"2025-02-06T03:15:44","modified_gmt":"2025-02-06T03:15:44","slug":"equipo","status":"publish","type":"page","link":"https:\/\/respuestapositiva.com\/index.php\/equipo\/","title":{"rendered":"EQUIPO"},"content":{"rendered":"\t\t<div data-elementor-type=\"wp-page\" data-elementor-id=\"369\" class=\"elementor elementor-369\">\n\t\t\t\t\t\t<section class=\"elementor-section elementor-top-section elementor-element elementor-element-576e5331 elementor-section-content-middle elementor-section-boxed elementor-section-height-default elementor-section-height-default\" data-id=\"576e5331\" data-element_type=\"section\" data-settings=\"{&quot;background_background&quot;:&quot;classic&quot;}\">\n\t\t\t\t\t\t<div class=\"elementor-container elementor-column-gap-no\">\n\t\t\t\t\t<div class=\"elementor-column elementor-col-100 elementor-top-column elementor-element elementor-element-7f1e2e21\" data-id=\"7f1e2e21\" data-element_type=\"column\">\n\t\t\t<div class=\"elementor-widget-wrap elementor-element-populated\">\n\t\t\t\t\t\t<div class=\"elementor-element elementor-element-5a3dcc4c elementor-widget elementor-widget-heading\" data-id=\"5a3dcc4c\" data-element_type=\"widget\" data-widget_type=\"heading.default\">\n\t\t\t\t<div class=\"elementor-widget-container\">\n\t\t\t\t\t<h4 class=\"elementor-heading-title elementor-size-default\">Nuestro Equipo<\/h4>\t\t\t\t<\/div>\n\t\t\t\t<\/div>\n\t\t\t\t<div class=\"elementor-element elementor-element-477d33a2 elementor-widget elementor-widget-heading\" data-id=\"477d33a2\" data-element_type=\"widget\" data-widget_type=\"heading.default\">\n\t\t\t\t<div class=\"elementor-widget-container\">\n\t\t\t\t\t<h2 class=\"elementor-heading-title elementor-size-default\">Experiencia e Intuici\u00f3n<\/h2>\t\t\t\t<\/div>\n\t\t\t\t<\/div>\n\t\t\t\t<section class=\"elementor-section elementor-inner-section elementor-element elementor-element-589fb768 elementor-section-boxed elementor-section-height-default elementor-section-height-default\" data-id=\"589fb768\" data-element_type=\"section\">\n\t\t\t\t\t\t<div class=\"elementor-container elementor-column-gap-default\">\n\t\t\t\t\t<div class=\"elementor-column elementor-col-100 elementor-inner-column elementor-element elementor-element-53624acf\" data-id=\"53624acf\" data-element_type=\"column\">\n\t\t\t<div class=\"elementor-widget-wrap elementor-element-populated\">\n\t\t\t\t\t\t<div class=\"elementor-element elementor-element-315cb31 elementor-widget elementor-widget-menu-anchor\" data-id=\"315cb31\" data-element_type=\"widget\" data-widget_type=\"menu-anchor.default\">\n\t\t\t\t<div class=\"elementor-widget-container\">\n\t\t\t\t\t\t\t<div class=\"elementor-menu-anchor\" id=\"marta\"><\/div>\n\t\t\t\t\t\t<\/div>\n\t\t\t\t<\/div>\n\t\t\t\t<div class=\"elementor-element elementor-element-31273068 elementor-widget__width-initial elementor-widget elementor-widget-pp-team-member\" data-id=\"31273068\" data-element_type=\"widget\" data-widget_type=\"pp-team-member.default\">\n\t\t\t\t<div class=\"elementor-widget-container\">\n\t\t\t\t\t\t\t<div class=\"pp-tm-wrapper\">\n\t\t\t<div class=\"pp-tm\">\n\t\t\t\t<div class=\"pp-tm-image\"> \n\t\t\t\t\t<img fetchpriority=\"high\" decoding=\"async\" width=\"725\" height=\"725\" src=\"https:\/\/respuestapositiva.com\/wp-content\/uploads\/2025\/01\/marta-circular.png\" class=\"attachment-medium_large size-medium_large wp-image-2454\" alt=\"\" srcset=\"https:\/\/respuestapositiva.com\/wp-content\/uploads\/2025\/01\/marta-circular.png 725w, https:\/\/respuestapositiva.com\/wp-content\/uploads\/2025\/01\/marta-circular-300x300.png 300w, https:\/\/respuestapositiva.com\/wp-content\/uploads\/2025\/01\/marta-circular-150x150.png 150w\" sizes=\"(max-width: 725px) 100vw, 725px\" \/>\n\t\t\t\t\t\t\t\t\t<\/div>\n\t\t\t\t<div class=\"pp-tm-content pp-tm-content-normal\">\n\t\t\t\t\t\t\t\t\t<h4 class=\"pp-tm-name\">\n\t\t\t\t\t\tMarta Maldonado Miranda\t\t\t\t<\/h4>\n\t\t\t\t\t\t\t<div class=\"pp-tm-position\">\n\t\t\t\tCoordinaci\u00f3n Gesti\u00f3n Integral\t\t\t<\/div>\n\t\t\t\t\t\t<div class=\"pp-tm-position-divider-wrap\">\n\t\t\t\t<div class=\"pp-tm-divider pp-tm-position-divider\"><\/div>\n\t\t\t<\/div>\n\t\t\t\t\t\t\t<div class=\"pp-tm-description\">\n\t\t\t\t\t<p>Abogada de la Universidad de los Andes (Colombia) con LLM de London School of Economics, empresaria y gerente de la empresa de la familia, que le dio mucha de la experiencia que hoy aporta en Respuesta Positiva, en el manejo de personal de PYMES, de los <em>pain points <\/em>de este tipo de negocios, y en c\u00f3mo contratar abogados cuando se necesitaban.<\/p>\t\t\t\t<\/div>\n\t\t\t\t\t\t\t\t\t\t<\/div>\n\t\t\t<\/div>\n\t\t<\/div>\n\t\t\t\t\t\t<\/div>\n\t\t\t\t<\/div>\n\t\t\t\t\t<\/div>\n\t\t<\/div>\n\t\t\t\t\t<\/div>\n\t\t<\/section>\n\t\t\t\t<section class=\"elementor-section elementor-inner-section elementor-element elementor-element-b9d0154 elementor-section-boxed elementor-section-height-default elementor-section-height-default\" data-id=\"b9d0154\" data-element_type=\"section\">\n\t\t\t\t\t\t<div class=\"elementor-container elementor-column-gap-default\">\n\t\t\t\t\t<div class=\"elementor-column elementor-col-50 elementor-inner-column elementor-element elementor-element-bb340d5\" data-id=\"bb340d5\" data-element_type=\"column\" data-settings=\"{&quot;background_background&quot;:&quot;classic&quot;}\">\n\t\t\t<div class=\"elementor-widget-wrap elementor-element-populated\">\n\t\t\t\t\t\t<div class=\"elementor-element elementor-element-68b67fe elementor-widget elementor-widget-menu-anchor\" data-id=\"68b67fe\" data-element_type=\"widget\" data-widget_type=\"menu-anchor.default\">\n\t\t\t\t<div class=\"elementor-widget-container\">\n\t\t\t\t\t\t\t<div class=\"elementor-menu-anchor\" id=\"paola\"><\/div>\n\t\t\t\t\t\t<\/div>\n\t\t\t\t<\/div>\n\t\t\t\t<div class=\"elementor-element elementor-element-d4e3871 elementor-widget elementor-widget-pp-team-member\" data-id=\"d4e3871\" data-element_type=\"widget\" data-widget_type=\"pp-team-member.default\">\n\t\t\t\t<div class=\"elementor-widget-container\">\n\t\t\t\t\t\t\t<div class=\"pp-tm-wrapper\">\n\t\t\t<div class=\"pp-tm\">\n\t\t\t\t<div class=\"pp-tm-image\"> \n\t\t\t\t\t<img decoding=\"async\" width=\"300\" height=\"300\" src=\"https:\/\/respuestapositiva.com\/wp-content\/uploads\/2025\/01\/equipo-laboral.png\" class=\"attachment-medium_large size-medium_large wp-image-2459\" alt=\"\" srcset=\"https:\/\/respuestapositiva.com\/wp-content\/uploads\/2025\/01\/equipo-laboral.png 300w, https:\/\/respuestapositiva.com\/wp-content\/uploads\/2025\/01\/equipo-laboral-150x150.png 150w\" sizes=\"(max-width: 300px) 100vw, 300px\" \/>\n\t\t\t\t\t\t\t\t\t<\/div>\n\t\t\t\t<div class=\"pp-tm-content pp-tm-content-normal\">\n\t\t\t\t\t\t\t\t\t<h4 class=\"pp-tm-name\">\n\t\t\t\t\t\tPaola Canelo Hern\u00e1ndez\t\t\t\t<\/h4>\n\t\t\t\t\t\t\t<div class=\"pp-tm-position\">\n\t\t\t\tGesti\u00f3n Laboral\t\t\t<\/div>\n\t\t\t\t\t\t<div class=\"pp-tm-position-divider-wrap\">\n\t\t\t\t<div class=\"pp-tm-divider pp-tm-position-divider\"><\/div>\n\t\t\t<\/div>\n\t\t\t\t\t\t\t<div class=\"pp-tm-description\">\n\t\t\t\t\t<p>Contadora p\u00fablica experta en contabilidad laboral, con experiencia en gesti\u00f3n de n\u00f3mina y liquidaciones, comprometida con el cumplimiento de la normatividad vigente y la correcta administraci\u00f3n laboral de los clientes.<\/p>\t\t\t\t<\/div>\n\t\t\t\t\t\t\t\t\t\t<\/div>\n\t\t\t<\/div>\n\t\t<\/div>\n\t\t\t\t\t\t<\/div>\n\t\t\t\t<\/div>\n\t\t\t\t\t<\/div>\n\t\t<\/div>\n\t\t\t\t<div class=\"elementor-column elementor-col-50 elementor-inner-column elementor-element elementor-element-e109582\" data-id=\"e109582\" data-element_type=\"column\" data-settings=\"{&quot;background_background&quot;:&quot;classic&quot;}\">\n\t\t\t<div class=\"elementor-widget-wrap elementor-element-populated\">\n\t\t\t\t\t\t<div class=\"elementor-element elementor-element-cafa54b elementor-widget elementor-widget-menu-anchor\" data-id=\"cafa54b\" data-element_type=\"widget\" data-widget_type=\"menu-anchor.default\">\n\t\t\t\t<div class=\"elementor-widget-container\">\n\t\t\t\t\t\t\t<div class=\"elementor-menu-anchor\" id=\"estefany\"><\/div>\n\t\t\t\t\t\t<\/div>\n\t\t\t\t<\/div>\n\t\t\t\t<div class=\"elementor-element elementor-element-52a458f elementor-widget elementor-widget-pp-team-member\" data-id=\"52a458f\" data-element_type=\"widget\" data-widget_type=\"pp-team-member.default\">\n\t\t\t\t<div class=\"elementor-widget-container\">\n\t\t\t\t\t\t\t<div class=\"pp-tm-wrapper\">\n\t\t\t<div class=\"pp-tm\">\n\t\t\t\t<div class=\"pp-tm-image\"> \n\t\t\t\t\t<img decoding=\"async\" width=\"300\" height=\"300\" src=\"https:\/\/respuestapositiva.com\/wp-content\/uploads\/2025\/01\/equipo-legal.png\" class=\"attachment-medium_large size-medium_large wp-image-2460\" alt=\"\" srcset=\"https:\/\/respuestapositiva.com\/wp-content\/uploads\/2025\/01\/equipo-legal.png 300w, https:\/\/respuestapositiva.com\/wp-content\/uploads\/2025\/01\/equipo-legal-150x150.png 150w\" sizes=\"(max-width: 300px) 100vw, 300px\" \/>\n\t\t\t\t\t\t\t\t\t<\/div>\n\t\t\t\t<div class=\"pp-tm-content pp-tm-content-normal\">\n\t\t\t\t\t\t\t\t\t<h4 class=\"pp-tm-name\">\n\t\t\t\t\t\tEstefany Murcia Vargas\t\t\t\t<\/h4>\n\t\t\t\t\t\t\t<div class=\"pp-tm-position\">\n\t\t\t\tGesti\u00f3n Legal\t\t\t<\/div>\n\t\t\t\t\t\t<div class=\"pp-tm-position-divider-wrap\">\n\t\t\t\t<div class=\"pp-tm-divider pp-tm-position-divider\"><\/div>\n\t\t\t<\/div>\n\t\t\t\t\t\t\t<div class=\"pp-tm-description\">\n\t\t\t\t\t<p>Abogada en Derecho Laboral y Gesti\u00f3n de Recursos Humanos, experta en implementar procedimientos eficientes y fomentar buenas pr\u00e1cticas laborales. Especialista en crear entornos de trabajo optimizados y garantizar el cumplimiento de las normativas vigentes.<\/p>\t\t\t\t<\/div>\n\t\t\t\t\t\t\t\t\t\t<\/div>\n\t\t\t<\/div>\n\t\t<\/div>\n\t\t\t\t\t\t<\/div>\n\t\t\t\t<\/div>\n\t\t\t\t\t<\/div>\n\t\t<\/div>\n\t\t\t\t\t<\/div>\n\t\t<\/section>\n\t\t\t\t<section class=\"elementor-section elementor-inner-section elementor-element elementor-element-8d3cf00 elementor-section-boxed elementor-section-height-default elementor-section-height-default\" data-id=\"8d3cf00\" data-element_type=\"section\">\n\t\t\t\t\t\t<div class=\"elementor-container elementor-column-gap-default\">\n\t\t\t\t\t<div class=\"elementor-column elementor-col-50 elementor-inner-column elementor-element elementor-element-fcff2a1\" data-id=\"fcff2a1\" data-element_type=\"column\" data-settings=\"{&quot;background_background&quot;:&quot;classic&quot;}\">\n\t\t\t<div class=\"elementor-widget-wrap elementor-element-populated\">\n\t\t\t\t\t\t<div class=\"elementor-element elementor-element-0c53cef elementor-widget elementor-widget-menu-anchor\" data-id=\"0c53cef\" data-element_type=\"widget\" data-widget_type=\"menu-anchor.default\">\n\t\t\t\t<div class=\"elementor-widget-container\">\n\t\t\t\t\t\t\t<div class=\"elementor-menu-anchor\" id=\"diana\"><\/div>\n\t\t\t\t\t\t<\/div>\n\t\t\t\t<\/div>\n\t\t\t\t<div class=\"elementor-element elementor-element-05b185e elementor-widget elementor-widget-pp-team-member\" data-id=\"05b185e\" data-element_type=\"widget\" data-widget_type=\"pp-team-member.default\">\n\t\t\t\t<div class=\"elementor-widget-container\">\n\t\t\t\t\t\t\t<div class=\"pp-tm-wrapper\">\n\t\t\t<div class=\"pp-tm\">\n\t\t\t\t<div class=\"pp-tm-image\"> \n\t\t\t\t\t<img loading=\"lazy\" decoding=\"async\" width=\"300\" height=\"300\" src=\"https:\/\/respuestapositiva.com\/wp-content\/uploads\/2025\/01\/equipo-humana.png\" class=\"attachment-medium_large size-medium_large wp-image-2462\" alt=\"\" srcset=\"https:\/\/respuestapositiva.com\/wp-content\/uploads\/2025\/01\/equipo-humana.png 300w, https:\/\/respuestapositiva.com\/wp-content\/uploads\/2025\/01\/equipo-humana-150x150.png 150w\" sizes=\"(max-width: 300px) 100vw, 300px\" \/>\n\t\t\t\t\t\t\t\t\t<\/div>\n\t\t\t\t<div class=\"pp-tm-content pp-tm-content-normal\">\n\t\t\t\t\t\t\t\t\t<h4 class=\"pp-tm-name\">\n\t\t\t\t\t\tDiana Forero Moreno\t\t\t\t<\/h4>\n\t\t\t\t\t\t\t<div class=\"pp-tm-position\">\n\t\t\t\tGesti\u00f3n Humana\t\t\t<\/div>\n\t\t\t\t\t\t<div class=\"pp-tm-position-divider-wrap\">\n\t\t\t\t<div class=\"pp-tm-divider pp-tm-position-divider\"><\/div>\n\t\t\t<\/div>\n\t\t\t\t\t\t\t<div class=\"pp-tm-description\">\n\t\t\t\t\t<p>Psic\u00f3loga especializada en Gesti\u00f3n Humana y Desarrollo Organizacional. Su experiencia abarca las principales \u00e1reas de talento humano desde la selecci\u00f3n hasta cultura y gestion del cambio.<\/p>\t\t\t\t<\/div>\n\t\t\t\t\t\t\t\t\t\t<\/div>\n\t\t\t<\/div>\n\t\t<\/div>\n\t\t\t\t\t\t<\/div>\n\t\t\t\t<\/div>\n\t\t\t\t\t<\/div>\n\t\t<\/div>\n\t\t\t\t<div class=\"elementor-column elementor-col-50 elementor-inner-column elementor-element elementor-element-3b09726\" data-id=\"3b09726\" data-element_type=\"column\" data-settings=\"{&quot;background_background&quot;:&quot;classic&quot;}\">\n\t\t\t<div class=\"elementor-widget-wrap elementor-element-populated\">\n\t\t\t\t\t\t<div class=\"elementor-element elementor-element-b395951 elementor-widget elementor-widget-menu-anchor\" data-id=\"b395951\" data-element_type=\"widget\" data-widget_type=\"menu-anchor.default\">\n\t\t\t\t<div class=\"elementor-widget-container\">\n\t\t\t\t\t\t\t<div class=\"elementor-menu-anchor\" id=\"jhon\"><\/div>\n\t\t\t\t\t\t<\/div>\n\t\t\t\t<\/div>\n\t\t\t\t<div class=\"elementor-element elementor-element-d16bd6b elementor-widget elementor-widget-pp-team-member\" data-id=\"d16bd6b\" data-element_type=\"widget\" data-widget_type=\"pp-team-member.default\">\n\t\t\t\t<div class=\"elementor-widget-container\">\n\t\t\t\t\t\t\t<div class=\"pp-tm-wrapper\">\n\t\t\t<div class=\"pp-tm\">\n\t\t\t\t<div class=\"pp-tm-image\"> \n\t\t\t\t\t<img loading=\"lazy\" decoding=\"async\" width=\"300\" height=\"300\" src=\"https:\/\/respuestapositiva.com\/wp-content\/uploads\/2025\/01\/equipo-sg.png\" class=\"attachment-medium_large size-medium_large wp-image-2461\" alt=\"\" srcset=\"https:\/\/respuestapositiva.com\/wp-content\/uploads\/2025\/01\/equipo-sg.png 300w, https:\/\/respuestapositiva.com\/wp-content\/uploads\/2025\/01\/equipo-sg-150x150.png 150w\" sizes=\"(max-width: 300px) 100vw, 300px\" \/>\n\t\t\t\t\t\t\t\t\t<\/div>\n\t\t\t\t<div class=\"pp-tm-content pp-tm-content-normal\">\n\t\t\t\t\t\t\t\t\t<h4 class=\"pp-tm-name\">\n\t\t\t\t\t\tJhon D\u00edaz L\u00f3pez\t\t\t\t<\/h4>\n\t\t\t\t\t\t\t<div class=\"pp-tm-position\">\n\t\t\t\tGesti\u00f3n\u00a0SG SST\t\t\t<\/div>\n\t\t\t\t\t\t<div class=\"pp-tm-position-divider-wrap\">\n\t\t\t\t<div class=\"pp-tm-divider pp-tm-position-divider\"><\/div>\n\t\t\t<\/div>\n\t\t\t\t\t\t\t<div class=\"pp-tm-description\">\n\t\t\t\t\t<p>Profesional en Salud Ocupacional, hoy Seguridad y Salud en el trabajo. Experto en la implementaci\u00f3n de Sistemas de Gesti\u00f3n en Seguridad y Salud en el sector de servicios, manufactura e industria. Ha trabajado tanto en roles directos como asesor de empresas de todos los tama\u00f1os.<\/p>\t\t\t\t<\/div>\n\t\t\t\t\t\t\t\t\t\t<\/div>\n\t\t\t<\/div>\n\t\t<\/div>\n\t\t\t\t\t\t<\/div>\n\t\t\t\t<\/div>\n\t\t\t\t\t<\/div>\n\t\t<\/div>\n\t\t\t\t\t<\/div>\n\t\t<\/section>\n\t\t\t\t<div class=\"elementor-element elementor-element-6de7ae21 elementor-widget elementor-widget-spacer\" data-id=\"6de7ae21\" data-element_type=\"widget\" data-widget_type=\"spacer.default\">\n\t\t\t\t<div class=\"elementor-widget-container\">\n\t\t\t\t\t\t\t<div class=\"elementor-spacer\">\n\t\t\t<div class=\"elementor-spacer-inner\"><\/div>\n\t\t<\/div>\n\t\t\t\t\t\t<\/div>\n\t\t\t\t<\/div>\n\t\t\t\t\t<\/div>\n\t\t<\/div>\n\t\t\t\t\t<\/div>\n\t\t<\/section>\n\t\t\t\t<\/div>\n\t\t","protected":false},"excerpt":{"rendered":"<p>Nuestro Equipo Experiencia e Intuici\u00f3n Marta Maldonado Miranda Coordinaci\u00f3n Gesti\u00f3n Integral Abogada de la Universidad de los Andes (Colombia) con LLM de London School of&hellip;<\/p>\n","protected":false},"author":1,"featured_media":0,"parent":0,"menu_order":0,"comment_status":"closed","ping_status":"closed","template":"elementor_theme","meta":{"_monsterinsights_skip_tracking":false,"_monsterinsights_sitenote_active":false,"_monsterinsights_sitenote_note":"","_monsterinsights_sitenote_category":0,"footnotes":""},"class_list":["post-369","page","type-page","status-publish","hentry"],"_links":{"self":[{"href":"https:\/\/respuestapositiva.com\/index.php\/wp-json\/wp\/v2\/pages\/369","targetHints":{"allow":["GET"]}}],"collection":[{"href":"https:\/\/respuestapositiva.com\/index.php\/wp-json\/wp\/v2\/pages"}],"about":[{"href":"https:\/\/respuestapositiva.com\/index.php\/wp-json\/wp\/v2\/types\/page"}],"author":[{"embeddable":true,"href":"https:\/\/respuestapositiva.com\/index.php\/wp-json\/wp\/v2\/users\/1"}],"replies":[{"embeddable":true,"href":"https:\/\/respuestapositiva.com\/index.php\/wp-json\/wp\/v2\/comments?post=369"}],"version-history":[{"count":53,"href":"https:\/\/respuestapositiva.com\/index.php\/wp-json\/wp\/v2\/pages\/369\/revisions"}],"predecessor-version":[{"id":3192,"href":"https:\/\/respuestapositiva.com\/index.php\/wp-json\/wp\/v2\/pages\/369\/revisions\/3192"}],"wp:attachment":[{"href":"https:\/\/respuestapositiva.com\/index.php\/wp-json\/wp\/v2\/media?parent=369"}],"curies":[{"name":"wp","href":"https:\/\/api.w.org\/{rel}","templated":true}]}}