{"id":2287,"date":"2025-01-24T00:06:16","date_gmt":"2025-01-24T00:06:16","guid":{"rendered":"https:\/\/respuestapositiva.com\/?page_id=2287"},"modified":"2025-02-03T23:27:52","modified_gmt":"2025-02-03T23:27:52","slug":"sobre-nosotros","status":"publish","type":"page","link":"https:\/\/respuestapositiva.com\/index.php\/sobre-nosotros\/","title":{"rendered":"SOBRE NOSOTROS"},"content":{"rendered":"\t\t<div data-elementor-type=\"wp-page\" data-elementor-id=\"2287\" class=\"elementor elementor-2287\">\n\t\t\t\t\t\t<section class=\"elementor-section elementor-top-section elementor-element elementor-element-56afc440 elementor-section-boxed elementor-section-height-default elementor-section-height-default\" data-id=\"56afc440\" data-element_type=\"section\" data-settings=\"{&quot;background_background&quot;:&quot;classic&quot;}\">\n\t\t\t\t\t\t\t<div class=\"elementor-background-overlay\"><\/div>\n\t\t\t\t\t\t\t<div class=\"elementor-container elementor-column-gap-default\">\n\t\t\t\t\t<div class=\"elementor-column elementor-col-100 elementor-top-column elementor-element elementor-element-c826f9\" data-id=\"c826f9\" data-element_type=\"column\">\n\t\t\t<div class=\"elementor-widget-wrap elementor-element-populated\">\n\t\t\t\t\t\t<section class=\"elementor-section elementor-inner-section elementor-element elementor-element-5b7c02a6 elementor-section-boxed elementor-section-height-default elementor-section-height-default\" data-id=\"5b7c02a6\" data-element_type=\"section\">\n\t\t\t\t\t\t<div class=\"elementor-container elementor-column-gap-default\">\n\t\t\t\t\t<div class=\"elementor-column elementor-col-100 elementor-inner-column elementor-element elementor-element-2de20bf1\" data-id=\"2de20bf1\" data-element_type=\"column\">\n\t\t\t<div class=\"elementor-widget-wrap elementor-element-populated\">\n\t\t\t\t\t\t<div class=\"elementor-element elementor-element-2d30212 elementor-widget elementor-widget-menu-anchor\" data-id=\"2d30212\" data-element_type=\"widget\" data-widget_type=\"menu-anchor.default\">\n\t\t\t\t<div class=\"elementor-widget-container\">\n\t\t\t\t\t\t\t<div class=\"elementor-menu-anchor\" id=\"origen\"><\/div>\n\t\t\t\t\t\t<\/div>\n\t\t\t\t<\/div>\n\t\t\t\t<div class=\"elementor-element elementor-element-4360c54 elementor-widget elementor-widget-image\" data-id=\"4360c54\" data-element_type=\"widget\" data-widget_type=\"image.default\">\n\t\t\t\t<div class=\"elementor-widget-container\">\n\t\t\t\t\t\t\t\t\t\t\t\t\t\t\t<img decoding=\"async\" width=\"993\" height=\"31\" src=\"https:\/\/respuestapositiva.com\/wp-content\/uploads\/2025\/01\/linea-verde-2025.png\" class=\"attachment-full size-full wp-image-2086\" alt=\"\" srcset=\"https:\/\/respuestapositiva.com\/wp-content\/uploads\/2025\/01\/linea-verde-2025.png 993w, https:\/\/respuestapositiva.com\/wp-content\/uploads\/2025\/01\/linea-verde-2025-300x9.png 300w, https:\/\/respuestapositiva.com\/wp-content\/uploads\/2025\/01\/linea-verde-2025-768x24.png 768w\" sizes=\"(max-width: 993px) 100vw, 993px\" \/>\t\t\t\t\t\t\t\t\t\t\t\t\t\t\t<\/div>\n\t\t\t\t<\/div>\n\t\t\t\t<div class=\"elementor-element elementor-element-db99d53 pp-dual-heading-inline elementor-widget elementor-widget-pp-dual-heading\" data-id=\"db99d53\" data-element_type=\"widget\" data-widget_type=\"pp-dual-heading.default\">\n\t\t\t\t<div class=\"elementor-widget-container\">\n\t\t\t\t\t<h2 class=\"pp-dual-heading\"><span class=\"pp-first-text\">Nuestra Historia &#8211;<\/span><span class=\"pp-second-text\">El Origen<\/span><\/h2>\t\t\t\t<\/div>\n\t\t\t\t<\/div>\n\t\t\t\t<div class=\"elementor-element elementor-element-a98c103 elementor-widget elementor-widget-heading\" data-id=\"a98c103\" data-element_type=\"widget\" data-widget_type=\"heading.default\">\n\t\t\t\t<div class=\"elementor-widget-container\">\n\t\t\t\t\t<h2 class=\"elementor-heading-title elementor-size-default\"><span style=\"color:#99cc00\">Nuestra historia comienza con tres amigas abogadas que, a pesar de seguir caminos profesionales diferentes, se unieron por<\/span> <b>un objetivo com\u00fan: gestionar las relaciones con los colaboradores de manera asertiva.<\/b><\/h2>\t\t\t\t<\/div>\n\t\t\t\t<\/div>\n\t\t\t\t<div class=\"elementor-element elementor-element-1d9e4da elementor-widget elementor-widget-spacer\" data-id=\"1d9e4da\" data-element_type=\"widget\" data-widget_type=\"spacer.default\">\n\t\t\t\t<div class=\"elementor-widget-container\">\n\t\t\t\t\t\t\t<div class=\"elementor-spacer\">\n\t\t\t<div class=\"elementor-spacer-inner\"><\/div>\n\t\t<\/div>\n\t\t\t\t\t\t<\/div>\n\t\t\t\t<\/div>\n\t\t\t\t\t<\/div>\n\t\t<\/div>\n\t\t\t\t\t<\/div>\n\t\t<\/section>\n\t\t\t\t<section class=\"elementor-section elementor-inner-section elementor-element elementor-element-f16c343 elementor-section-boxed elementor-section-height-default elementor-section-height-default\" data-id=\"f16c343\" data-element_type=\"section\">\n\t\t\t\t\t\t<div class=\"elementor-container elementor-column-gap-default\">\n\t\t\t\t\t<div class=\"elementor-column elementor-col-20 elementor-inner-column elementor-element elementor-element-62692c8\" data-id=\"62692c8\" data-element_type=\"column\" data-settings=\"{&quot;background_background&quot;:&quot;classic&quot;}\">\n\t\t\t<div class=\"elementor-widget-wrap elementor-element-populated\">\n\t\t\t\t\t\t<div class=\"elementor-element elementor-element-c0d2ba7 elementor-widget elementor-widget-heading\" data-id=\"c0d2ba7\" data-element_type=\"widget\" data-widget_type=\"heading.default\">\n\t\t\t\t<div class=\"elementor-widget-container\">\n\t\t\t\t\t<h2 class=\"elementor-heading-title elementor-size-default\">Abogada Laboralista<\/h2>\t\t\t\t<\/div>\n\t\t\t\t<\/div>\n\t\t\t\t<div class=\"elementor-element elementor-element-2b4f250 elementor-widget elementor-widget-heading\" data-id=\"2b4f250\" data-element_type=\"widget\" data-widget_type=\"heading.default\">\n\t\t\t\t<div class=\"elementor-widget-container\">\n\t\t\t\t\t<h2 class=\"elementor-heading-title elementor-size-default\">La abogada laboralista aport\u00f3 su experiencia legal, asegurando que todo se realizara con transparencia y \u00e9tica.<\/h2>\t\t\t\t<\/div>\n\t\t\t\t<\/div>\n\t\t\t\t\t<\/div>\n\t\t<\/div>\n\t\t\t\t<div class=\"elementor-column elementor-col-20 elementor-inner-column elementor-element elementor-element-d6cee1e\" data-id=\"d6cee1e\" data-element_type=\"column\">\n\t\t\t<div class=\"elementor-widget-wrap elementor-element-populated\">\n\t\t\t\t\t\t<div class=\"elementor-element elementor-element-25e164a elementor-widget elementor-widget-image\" data-id=\"25e164a\" data-element_type=\"widget\" data-widget_type=\"image.default\">\n\t\t\t\t<div class=\"elementor-widget-container\">\n\t\t\t\t\t\t\t\t\t\t\t\t\t\t\t<img decoding=\"async\" width=\"150\" height=\"150\" src=\"https:\/\/respuestapositiva.com\/wp-content\/uploads\/2025\/01\/mas-solo-2025.png\" class=\"attachment-large size-large wp-image-2087\" alt=\"\" srcset=\"https:\/\/respuestapositiva.com\/wp-content\/uploads\/2025\/01\/mas-solo-2025.png 150w, https:\/\/respuestapositiva.com\/wp-content\/uploads\/2025\/01\/elementor\/thumbs\/mas-solo-2025-r04ghpua05g6o9i0sva2vtp53ijc2d7un1iskwdmug.png 100w\" sizes=\"(max-width: 150px) 100vw, 150px\" \/>\t\t\t\t\t\t\t\t\t\t\t\t\t\t\t<\/div>\n\t\t\t\t<\/div>\n\t\t\t\t\t<\/div>\n\t\t<\/div>\n\t\t\t\t<div class=\"elementor-column elementor-col-20 elementor-inner-column elementor-element elementor-element-81021de\" data-id=\"81021de\" data-element_type=\"column\" data-settings=\"{&quot;background_background&quot;:&quot;classic&quot;}\">\n\t\t\t<div class=\"elementor-widget-wrap elementor-element-populated\">\n\t\t\t\t\t\t<div class=\"elementor-element elementor-element-f819acf elementor-widget elementor-widget-heading\" data-id=\"f819acf\" data-element_type=\"widget\" data-widget_type=\"heading.default\">\n\t\t\t\t<div class=\"elementor-widget-container\">\n\t\t\t\t\t<h2 class=\"elementor-heading-title elementor-size-default\">L\u00edder de Empresa Multinacional<\/h2>\t\t\t\t<\/div>\n\t\t\t\t<\/div>\n\t\t\t\t<div class=\"elementor-element elementor-element-dbd4534 elementor-widget elementor-widget-heading\" data-id=\"dbd4534\" data-element_type=\"widget\" data-widget_type=\"heading.default\">\n\t\t\t\t<div class=\"elementor-widget-container\">\n\t\t\t\t\t<h2 class=\"elementor-heading-title elementor-size-default\">La l\u00edder de una empresa multinacional aport\u00f3 su enfoque en procesos y procedimientos, implementando una estructura s\u00f3lida.<\/h2>\t\t\t\t<\/div>\n\t\t\t\t<\/div>\n\t\t\t\t\t<\/div>\n\t\t<\/div>\n\t\t\t\t<div class=\"elementor-column elementor-col-20 elementor-inner-column elementor-element elementor-element-406b7c9\" data-id=\"406b7c9\" data-element_type=\"column\">\n\t\t\t<div class=\"elementor-widget-wrap elementor-element-populated\">\n\t\t\t\t\t\t<div class=\"elementor-element elementor-element-ccf22a9 elementor-widget elementor-widget-image\" data-id=\"ccf22a9\" data-element_type=\"widget\" data-widget_type=\"image.default\">\n\t\t\t\t<div class=\"elementor-widget-container\">\n\t\t\t\t\t\t\t\t\t\t\t\t\t\t\t<img decoding=\"async\" width=\"150\" height=\"150\" src=\"https:\/\/respuestapositiva.com\/wp-content\/uploads\/2025\/01\/mas-solo-2025.png\" class=\"attachment-large size-large wp-image-2087\" alt=\"\" srcset=\"https:\/\/respuestapositiva.com\/wp-content\/uploads\/2025\/01\/mas-solo-2025.png 150w, https:\/\/respuestapositiva.com\/wp-content\/uploads\/2025\/01\/elementor\/thumbs\/mas-solo-2025-r04ghpua05g6o9i0sva2vtp53ijc2d7un1iskwdmug.png 100w\" sizes=\"(max-width: 150px) 100vw, 150px\" \/>\t\t\t\t\t\t\t\t\t\t\t\t\t\t\t<\/div>\n\t\t\t\t<\/div>\n\t\t\t\t\t<\/div>\n\t\t<\/div>\n\t\t\t\t<div class=\"elementor-column elementor-col-20 elementor-inner-column elementor-element elementor-element-4406754\" data-id=\"4406754\" data-element_type=\"column\" data-settings=\"{&quot;background_background&quot;:&quot;classic&quot;}\">\n\t\t\t<div class=\"elementor-widget-wrap elementor-element-populated\">\n\t\t\t\t\t\t<div class=\"elementor-element elementor-element-db232a7 elementor-widget elementor-widget-heading\" data-id=\"db232a7\" data-element_type=\"widget\" data-widget_type=\"heading.default\">\n\t\t\t\t<div class=\"elementor-widget-container\">\n\t\t\t\t\t<h2 class=\"elementor-heading-title elementor-size-default\">Gerente de Empresa Familiar<\/h2>\t\t\t\t<\/div>\n\t\t\t\t<\/div>\n\t\t\t\t<div class=\"elementor-element elementor-element-777b97d elementor-widget elementor-widget-heading\" data-id=\"777b97d\" data-element_type=\"widget\" data-widget_type=\"heading.default\">\n\t\t\t\t<div class=\"elementor-widget-container\">\n\t\t\t\t\t<h2 class=\"elementor-heading-title elementor-size-default\">La gerente de una empresa familiar dirigi\u00f3 su mirada hacia la gesti\u00f3n empresarial, enfoc\u00e1ndose en las necesidades de las personas.<\/h2>\t\t\t\t<\/div>\n\t\t\t\t<\/div>\n\t\t\t\t\t<\/div>\n\t\t<\/div>\n\t\t\t\t\t<\/div>\n\t\t<\/section>\n\t\t\t\t<div class=\"elementor-element elementor-element-aad944e elementor-widget elementor-widget-spacer\" data-id=\"aad944e\" data-element_type=\"widget\" data-widget_type=\"spacer.default\">\n\t\t\t\t<div class=\"elementor-widget-container\">\n\t\t\t\t\t\t\t<div class=\"elementor-spacer\">\n\t\t\t<div class=\"elementor-spacer-inner\"><\/div>\n\t\t<\/div>\n\t\t\t\t\t\t<\/div>\n\t\t\t\t<\/div>\n\t\t\t\t<div class=\"elementor-element elementor-element-fb11dea elementor-widget elementor-widget-heading\" data-id=\"fb11dea\" data-element_type=\"widget\" data-widget_type=\"heading.default\">\n\t\t\t\t<div class=\"elementor-widget-container\">\n\t\t\t\t\t<h2 class=\"elementor-heading-title elementor-size-default\">Descubrieron que gestionar las relaciones con los colaboradores parece sencillo y agradable en teor\u00eda, pero en la pr\u00e1ctica puede ser muy complicado y desafiante<\/h2>\t\t\t\t<\/div>\n\t\t\t\t<\/div>\n\t\t\t\t\t<\/div>\n\t\t<\/div>\n\t\t\t\t\t<\/div>\n\t\t<\/section>\n\t\t\t\t<section class=\"elementor-section elementor-top-section elementor-element elementor-element-2cdf65d elementor-section-boxed elementor-section-height-default elementor-section-height-default\" data-id=\"2cdf65d\" data-element_type=\"section\" data-settings=\"{&quot;background_background&quot;:&quot;classic&quot;}\">\n\t\t\t\t\t\t\t<div class=\"elementor-background-overlay\"><\/div>\n\t\t\t\t\t\t\t<div class=\"elementor-container elementor-column-gap-default\">\n\t\t\t\t\t<div class=\"elementor-column elementor-col-100 elementor-top-column elementor-element elementor-element-e532b59\" data-id=\"e532b59\" data-element_type=\"column\">\n\t\t\t<div class=\"elementor-widget-wrap elementor-element-populated\">\n\t\t\t\t\t\t<section class=\"elementor-section elementor-inner-section elementor-element elementor-element-e676a65 elementor-section-boxed elementor-section-height-default elementor-section-height-default\" data-id=\"e676a65\" data-element_type=\"section\">\n\t\t\t\t\t\t<div class=\"elementor-container elementor-column-gap-default\">\n\t\t\t\t\t<div class=\"elementor-column elementor-col-100 elementor-inner-column elementor-element elementor-element-85dd590\" data-id=\"85dd590\" data-element_type=\"column\">\n\t\t\t<div class=\"elementor-widget-wrap elementor-element-populated\">\n\t\t\t\t\t\t<div class=\"elementor-element elementor-element-cabd882 elementor-widget elementor-widget-menu-anchor\" data-id=\"cabd882\" data-element_type=\"widget\" data-widget_type=\"menu-anchor.default\">\n\t\t\t\t<div class=\"elementor-widget-container\">\n\t\t\t\t\t\t\t<div class=\"elementor-menu-anchor\" id=\"mision\"><\/div>\n\t\t\t\t\t\t<\/div>\n\t\t\t\t<\/div>\n\t\t\t\t<div class=\"elementor-element elementor-element-9a61082 elementor-widget elementor-widget-image\" data-id=\"9a61082\" data-element_type=\"widget\" data-widget_type=\"image.default\">\n\t\t\t\t<div class=\"elementor-widget-container\">\n\t\t\t\t\t\t\t\t\t\t\t\t\t\t\t<img decoding=\"async\" width=\"993\" height=\"31\" src=\"https:\/\/respuestapositiva.com\/wp-content\/uploads\/2025\/01\/linea-naranja.png\" class=\"attachment-full size-full wp-image-2121\" alt=\"\" srcset=\"https:\/\/respuestapositiva.com\/wp-content\/uploads\/2025\/01\/linea-naranja.png 993w, https:\/\/respuestapositiva.com\/wp-content\/uploads\/2025\/01\/linea-naranja-300x9.png 300w, https:\/\/respuestapositiva.com\/wp-content\/uploads\/2025\/01\/linea-naranja-768x24.png 768w\" sizes=\"(max-width: 993px) 100vw, 993px\" \/>\t\t\t\t\t\t\t\t\t\t\t\t\t\t\t<\/div>\n\t\t\t\t<\/div>\n\t\t\t\t<div class=\"elementor-element elementor-element-b4a895a pp-dual-heading-inline elementor-widget elementor-widget-pp-dual-heading\" data-id=\"b4a895a\" data-element_type=\"widget\" data-widget_type=\"pp-dual-heading.default\">\n\t\t\t\t<div class=\"elementor-widget-container\">\n\t\t\t\t\t<h2 class=\"pp-dual-heading\"><span class=\"pp-first-text\">Nuestro Prop\u00f3sito &#8211;<\/span><span class=\"pp-second-text\">Ir M\u00e1s All\u00e1<\/span><\/h2>\t\t\t\t<\/div>\n\t\t\t\t<\/div>\n\t\t\t\t<div class=\"elementor-element elementor-element-887647f elementor-widget elementor-widget-spacer\" data-id=\"887647f\" data-element_type=\"widget\" data-widget_type=\"spacer.default\">\n\t\t\t\t<div class=\"elementor-widget-container\">\n\t\t\t\t\t\t\t<div class=\"elementor-spacer\">\n\t\t\t<div class=\"elementor-spacer-inner\"><\/div>\n\t\t<\/div>\n\t\t\t\t\t\t<\/div>\n\t\t\t\t<\/div>\n\t\t\t\t\t<\/div>\n\t\t<\/div>\n\t\t\t\t\t<\/div>\n\t\t<\/section>\n\t\t\t\t<div class=\"elementor-element elementor-element-15ba3aa elementor-grid-2 elementor-grid-tablet-2 elementor-grid-mobile-1 elementor-widget elementor-widget-pp-info-box-carousel\" data-id=\"15ba3aa\" data-element_type=\"widget\" data-widget_type=\"pp-info-box-carousel.default\">\n\t\t\t\t<div class=\"elementor-widget-container\">\n\t\t\t\t\t\t\t<div class=\"pp-info-box-container elementor-grid\">\n\t\t\t\t\t\t\t\t\t\t\t\t<div class=\"pp-info-box elementor-grid-item\">\n\t\t\t\t\t\t\t\t\t\t\t\t\t\t\t\t\t\t\t\t\t<div class=\"pp-info-box-icon-wrap\">\n\t\t\t\t\t\t\t\t\t\t\t\t\t\t\t\t\t\t\t\t\t<span class=\"pp-info-box-icon pp-icon\">\n\t\t\t\t\t\t\t\t\t<i aria-hidden=\"true\" class=\"icon icon-rocket\"><\/i>\t\t\t\t\t\t\t<\/span>\n\t\t\t\t\t\t\t\t\t\t\t\t\t\t\t\t\t\t\t\t<\/div>\n\t\t\t\t\t\t\t\t\t\t\t\t\t\t<div class=\"pp-info-box-content\">\n\t\t\t\t\t\t\t\t<div class=\"pp-info-box-title-wrap\">\n\t\t\t\t\t\t\t\t\t\t\t\t\t\t\t\t\t\t\t<div class=\"pp-info-box-title-container\">\n\t\t\t\t\t\t\t\t\t\t\t<h4 class=\"pp-info-box-title\">\n\t\t\t\t\t\t\t\t\t\t\t\tLo que nos impulsa \t\t\t\t\t\t\t\t\t\t\t<\/h4>\n\t\t\t\t\t\t\t\t\t\t<\/div>\n\t\t\t\t\t\t\t\t\t\t\t\t\t\t\t\t\t\t<\/div>\n\n\t\t\t\t\t\t\t\t\n\t\t\t\t\t\t\t\t\t\t\t\t\t\t\t\t\t<div class=\"pp-info-box-description\">\n\t\t\t\t\t\t\t\t\t\t<p>Ayudar a nuestros clientes en <span style=\"color: #ffff00;\"><strong>cualquier aspecto<\/strong><\/span> relacionado con <strong><span style=\"color: #ffff00;\">Recursos Humanos<\/span><\/strong>, y a <span style=\"color: #ffff00;\"><strong>cualquier nivel.<\/strong><\/span><\/p>\t\t\t\t\t\t\t\t\t<\/div>\n\t\t\t\t\t\t\t\t\t\t\t\t\t\t\t\t\t\t\t\t\t\t\t<\/div>\n\t\t\t\t\t\t\t\t\t\t\t<\/div>\n\t\t\t\t\t\t\t\t\t\t<div class=\"pp-info-box elementor-grid-item\">\n\t\t\t\t\t\t\t\t\t\t\t\t\t\t\t\t\t\t\t\t\t<div class=\"pp-info-box-icon-wrap\">\n\t\t\t\t\t\t\t\t\t\t\t\t\t\t\t\t\t\t\t\t\t<span class=\"pp-info-box-icon pp-icon\">\n\t\t\t\t\t\t\t\t\t<svg xmlns=\"http:\/\/www.w3.org\/2000\/svg\" xmlns:xlink=\"http:\/\/www.w3.org\/1999\/xlink\" x=\"0px\" y=\"0px\" viewBox=\"0 0 61.89 61.7\" style=\"enable-background:new 0 0 61.89 61.7;\" xml:space=\"preserve\"><g id=\"_x32_\"><\/g><g id=\"_x31_\">\t<g>\t\t<g>\t\t\t<g>\t\t\t\t<path d=\"M27.28,47.9c-2.08,0-4.01-0.33-5.9-1.01c-0.86-0.29-1.72-0.57-2.44-0.75l-0.46-0.12l-0.36-0.31     c-4.36-3.77-6.86-9.23-6.86-14.97c0-10.81,8.84-19.6,19.7-19.6s19.7,8.84,19.7,19.7c0,4.92-1.79,9.58-5.06,13.14v1.23     l-1.82,0.16c-3,0.27-5.6,0.81-8.12,1.34C32.76,47.33,30.02,47.9,27.28,47.9z M20.39,42.39c0.74,0.21,1.52,0.47,2.27,0.72     c1.49,0.53,3,0.79,4.65,0.79c0,0,0,0,0,0c2.34,0,4.74-0.5,7.53-1.08c2.24-0.47,4.78-1,7.62-1.31c2.71-2.85,4.2-6.62,4.2-10.65     c0-8.66-7.04-15.7-15.7-15.7s-15.7,7-15.7,15.6C15.25,35.16,17.12,39.4,20.39,42.39z\"><\/path>\t\t\t\t<path d=\"M27.28,47.4c-1.87,0-3.75-0.27-5.74-0.98c-0.85-0.28-1.74-0.58-2.49-0.77l-0.35-0.09l-0.27-0.23     c-4.25-3.68-6.69-8.99-6.69-14.59c0-10.53,8.61-19.1,19.2-19.1s19.2,8.61,19.2,19.2c0,4.88-1.79,9.46-5.06,12.95v0.97     l-1.37,0.12c-3.02,0.27-5.65,0.82-8.18,1.35C32.64,46.84,29.97,47.4,27.28,47.4z M20.14,42.84c0.76,0.21,1.57,0.48,2.36,0.74     c4.09,1.46,7.77,0.69,12.43-0.28c2.29-0.48,4.87-1.02,7.75-1.33c2.88-2.96,4.47-6.9,4.47-11.13c0-8.93-7.27-16.2-16.2-16.2     s-16.2,7.22-16.2,16.1C14.75,35.36,16.71,39.74,20.14,42.84z\"><\/path>\t\t\t<\/g>\t\t\t<g>\t\t\t\t<path d=\"M30.95,9.9c-0.98,0-1.81-0.83-1.81-1.81V1.81c0-0.98,0.83-1.81,1.81-1.81c0.97,0,1.81,0.8,1.81,1.71v6.37     C32.76,9.07,31.93,9.9,30.95,9.9z\"><\/path>\t\t\t\t<path d=\"M30.95,0.5c-0.71,0-1.31,0.61-1.31,1.31v6.27c0,0.71,0.61,1.31,1.31,1.31s1.31-0.61,1.31-1.31V1.71     C32.26,1.11,31.66,0.5,30.95,0.5z\"><\/path>\t\t\t\t<path d=\"M47.03,16.58c-0.47,0-0.99-0.28-1.26-0.55c-0.7-0.7-0.7-1.83,0-2.53l4.45-4.45c0.34-0.34,0.79-0.53,1.26-0.53     s0.93,0.19,1.26,0.53c0.34,0.34,0.53,0.79,0.53,1.26c0,0.48-0.19,0.92-0.53,1.26l-4.45,4.45     C47.93,16.39,47.51,16.58,47.03,16.58z\"><\/path>\t\t\t\t<path d=\"M52.39,9.4c-0.51-0.51-1.32-0.51-1.82,0l-4.45,4.45c-0.51,0.51-0.51,1.31,0,1.82c0.2,0.2,0.61,0.4,0.91,0.4     c0.3,0,0.61-0.1,0.91-0.4l4.45-4.45C52.9,10.72,52.9,9.91,52.39,9.4z\"><\/path>\t\t\t\t<path d=\"M53.71,32.66c-1.02,0-1.81-0.75-1.81-1.71c0-0.98,0.83-1.81,1.81-1.81h6.37c0.86,0,1.67,0.78,1.81,1.74     c0,0.98-0.84,1.78-1.81,1.78H53.71z\"><\/path>\t\t\t\t<path d=\"M60.08,29.63h-6.37c-0.71,0-1.31,0.61-1.31,1.31c0,0.71,0.61,1.21,1.31,1.21h6.37c0.71,0,1.31-0.61,1.31-1.21     C61.3,30.24,60.69,29.63,60.08,29.63z\"><\/path>\t\t\t\t<path d=\"M1.81,32.66C0.8,32.66,0,31.91,0,30.95c0-0.98,0.83-1.81,1.81-1.81h6.37c0.98,0,1.81,0.83,1.81,1.81     c0,0.91-0.85,1.71-1.81,1.71H1.81z\"><\/path>\t\t\t\t<path d=\"M8.19,29.63H1.81c-0.71,0-1.31,0.61-1.31,1.31c0,0.71,0.61,1.21,1.31,1.21h6.37c0.71,0,1.31-0.61,1.31-1.21     C9.5,30.24,8.9,29.63,8.19,29.63z\"><\/path>\t\t\t\t<path d=\"M14.86,16.58c-0.47,0-0.99-0.28-1.26-0.55l-4.45-4.45c-0.34-0.34-0.53-0.79-0.53-1.26c0-0.48,0.19-0.93,0.53-1.26     c0.34-0.34,0.79-0.53,1.26-0.53c0,0,0,0,0,0c0.48,0,0.92,0.19,1.26,0.53l4.45,4.45c0.7,0.7,0.7,1.83,0,2.53     C15.76,16.39,15.34,16.58,14.86,16.58z\"><\/path>\t\t\t\t<path d=\"M11.32,9.4c-0.51-0.51-1.31-0.51-1.82,0C9,9.91,9,10.72,9.5,11.22l4.45,4.45c0.2,0.2,0.61,0.4,0.91,0.4     c0.3,0,0.61-0.1,0.91-0.4c0.51-0.51,0.51-1.31,0-1.82L11.32,9.4z\"><\/path>\t\t\t<\/g>\t\t\t<path d=\"M27.31,47.84c-1.95,0-3.8-0.33-5.83-1.04c-0.65-0.24-1.59-0.57-2.48-0.8c-2.82-0.75-5.88-1.14-9.1-1.14    c-2.57,0-5.25,0.25-7.56,0.71c-0.04,0.01-0.07,0.01-0.1,0.02c-0.15,0.04-0.29,0.06-0.44,0.06c-0.74,0-1.42-0.52-1.67-1.3    c-0.3-1.04,0.41-1.88,1.23-2.15c0.07-0.02,3.51-0.84,8.43-0.84c3.53,0,6.91,0.42,10.06,1.24c0.76,0.17,1.88,0.47,2.83,0.95    c1.4,0.52,2.9,0.79,4.52,0.79c2.28,0,4.65-0.51,7.4-1.09l0.93-0.19c2.33-0.47,4.97-1,7.93-1.28c1.26-0.12,2.55-0.18,3.83-0.18    c4.25,0,8.58,0.63,13.24,1.91c0.49,0.14,0.91,0.47,1.14,0.91c0.21,0.4,0.25,0.84,0.12,1.25c-0.22,0.76-0.91,1.3-1.67,1.3    c-0.17,0-0.33-0.03-0.48-0.08c-4.33-1.16-8.39-1.73-12.38-1.73c-1.12,0-2.26,0.04-3.41,0.13c-3.34,0.33-6.15,0.93-8.22,1.4    c-0.63,0.11-1.21,0.22-1.79,0.32C31.57,47.45,29.44,47.84,27.31,47.84z\"><\/path>\t\t\t<path d=\"M27.31,47.34c-1.82,0-3.64-0.3-5.67-1.01c-0.81-0.3-1.72-0.61-2.53-0.81c-8.7-2.33-16.89-0.4-17-0.4    c-0.71,0.2-1.32-0.3-1.52-0.91c-0.2-0.71,0.3-1.31,0.91-1.52c0.4-0.1,8.9-2.02,18.21,0.4c0.91,0.2,1.92,0.51,2.73,0.91    c4.05,1.52,7.69,0.71,12.44-0.3c2.53-0.51,5.36-1.11,8.6-1.42c5.46-0.51,11.03,0.1,16.89,1.72c0.71,0.2,1.11,0.91,0.91,1.52    c-0.2,0.71-0.91,1.11-1.52,0.91c-5.66-1.52-10.72-2.02-15.98-1.62c-3.03,0.3-5.67,0.81-8.29,1.42    C32.57,46.73,29.94,47.34,27.31,47.34z\"><\/path>\t\t\t<path d=\"M27.31,61.7c-1.95,0-3.8-0.33-5.83-1.04c-3.49-1.29-7.39-1.94-11.61-1.94c-2.58,0-5.26,0.26-7.54,0.72    c-0.03,0.01-0.06,0.01-0.09,0.02c-0.15,0.04-0.29,0.06-0.44,0.06c-0.74,0-1.42-0.52-1.68-1.3c-0.3-1.04,0.41-1.88,1.23-2.15    c0.07-0.02,3.46-0.83,8.33-0.83c4.65,0,9.01,0.72,12.94,2.15c1.46,0.55,2.96,0.81,4.6,0.81c2.36,0,4.77-0.52,7.57-1.13    c3.52-0.75,7.51-1.6,12.49-1.6c4.26,0,8.56,0.62,13.14,1.91c0.49,0.14,0.9,0.47,1.13,0.91c0.21,0.4,0.25,0.84,0.12,1.25    c-0.22,0.76-0.91,1.3-1.67,1.3c-0.17,0-0.33-0.03-0.48-0.08c-4.21-1.17-8.16-1.74-12.03-1.74c-4.59,0-8.28,0.79-11.85,1.55    c-0.65,0.11-1.24,0.22-1.81,0.33C31.57,61.31,29.44,61.7,27.31,61.7z\"><\/path>\t\t\t<path d=\"M27.31,61.2c-1.82,0-3.64-0.3-5.67-1.01c-9.61-3.54-19.42-1.21-19.52-1.21c-0.71,0.2-1.32-0.3-1.52-0.91    c-0.2-0.71,0.3-1.31,0.91-1.52c0.4-0.1,10.62-2.43,20.94,1.31c4.05,1.52,7.79,0.71,12.44-0.3c6.17-1.32,13.86-2.93,25.39,0.3    c0.71,0.2,1.11,0.91,0.91,1.52c-0.2,0.71-0.91,1.11-1.52,0.91c-10.93-3.03-18.01-1.52-24.18-0.2    C32.57,60.59,29.94,61.2,27.31,61.2z\"><\/path>\t\t\t<g>\t\t\t\t<path d=\"M19.62,31.45c-0.98,0-1.81-0.83-1.81-1.81c0-2.35,1.26-5.19,3.36-7.61c2.34-2.74,5.43-4.32,8.47-4.32     c0.98,0,1.81,0.83,1.81,1.81c0,1.01-0.85,1.71-1.61,1.71c-4.51,0-8.4,5.64-8.4,8.4C21.43,30.62,20.6,31.45,19.62,31.45z\"><\/path>\t\t\t\t<path d=\"M30.95,19.52c0-0.71-0.61-1.31-1.31-1.31c-2.83,0-5.77,1.42-8.09,4.15c-2.02,2.33-3.24,5.06-3.24,7.28     c0,0.71,0.61,1.31,1.32,1.31c0.71,0,1.32-0.61,1.32-1.31c0-3.03,4.05-8.9,8.9-8.9C30.34,20.73,30.95,20.23,30.95,19.52z\"><\/path>\t\t\t\t<path d=\"M30.95,40.25c-0.98,0-1.81-0.83-1.81-1.81v-6.47l-2.23,1.71c-0.35,0.23-0.72,0.35-1.09,0.35c-0.6,0-1.12-0.28-1.45-0.77     c-0.57-0.86-0.38-1.97,0.44-2.51l5.17-3.93H30c0.02-0.02,0.05-0.03,0.09-0.05c0.13-0.11,0.25-0.16,0.46-0.16h1.02l0.11,0.11     c0.23,0.04,0.39,0.19,0.44,0.24l5.01,3.8c0.73,0.58,0.86,1.72,0.29,2.43c-0.27,0.41-0.83,0.69-1.4,0.69     c-0.33,0-0.71,0-1.06-0.35l-2.18-1.67v6.58C32.76,39.42,31.93,40.25,30.95,40.25z\"><\/path>\t\t\t\t<path d=\"M36.82,31.15l-5.06-3.84l0,0c0,0-0.1-0.1-0.2-0.1l0,0c-0.1,0-0.1,0-0.2-0.1l0,0c-0.1,0-0.1,0-0.2,0l0,0     c-0.1,0-0.1,0-0.2,0l0,0c-0.1,0-0.1,0-0.2,0l0,0c-0.1,0-0.1,0-0.2,0l0,0c-0.1,0-0.1,0-0.2,0.1l0,0c-0.1,0-0.1,0.1-0.2,0.1l0,0     l-5.06,3.84c-0.61,0.4-0.71,1.21-0.3,1.82c0.4,0.61,1.21,0.71,1.82,0.3l3.04-2.33v7.49c0,0.71,0.61,1.31,1.31,1.31     s1.31-0.61,1.31-1.31v-7.59l3.03,2.33c0.2,0.2,0.4,0.2,0.71,0.2c0.4,0,0.81-0.2,1.01-0.51C37.42,32.36,37.32,31.56,36.82,31.15z     \"><\/path>\t\t\t<\/g>\t\t<\/g>\t<\/g><\/g><\/svg>\t\t\t\t\t\t\t<\/span>\n\t\t\t\t\t\t\t\t\t\t\t\t\t\t\t\t\t\t\t\t<\/div>\n\t\t\t\t\t\t\t\t\t\t\t\t\t\t<div class=\"pp-info-box-content\">\n\t\t\t\t\t\t\t\t<div class=\"pp-info-box-title-wrap\">\n\t\t\t\t\t\t\t\t\t\t\t\t\t\t\t\t\t\t\t<div class=\"pp-info-box-title-container\">\n\t\t\t\t\t\t\t\t\t\t\t<h4 class=\"pp-info-box-title\">\n\t\t\t\t\t\t\t\t\t\t\t\tNuestro horizonte\t\t\t\t\t\t\t\t\t\t\t<\/h4>\n\t\t\t\t\t\t\t\t\t\t<\/div>\n\t\t\t\t\t\t\t\t\t\t\t\t\t\t\t\t\t\t<\/div>\n\n\t\t\t\t\t\t\t\t\n\t\t\t\t\t\t\t\t\t\t\t\t\t\t\t\t\t<div class=\"pp-info-box-description\">\n\t\t\t\t\t\t\t\t\t\t<p>Una <strong><span style=\"color: #ffff00;\">Respuesta Positiva<\/span><\/strong> lo suficientemente <strong><span style=\"color: #ffff00;\">amplia<\/span> <\/strong>para cubrir todos los aspectos, pero lo bastante cercana como para ser <span style=\"color: #ffff00;\"><strong>personal.<\/strong><\/span><\/p>\t\t\t\t\t\t\t\t\t<\/div>\n\t\t\t\t\t\t\t\t\t\t\t\t\t\t\t\t\t\t\t\t\t\t\t<\/div>\n\t\t\t\t\t\t\t\t\t\t\t<\/div>\n\t\t\t\t\t\t\t\t\t\t\t\t\t<\/div>\n\t\t\t\t\t\t<\/div>\n\t\t\t\t<\/div>\n\t\t\t\t<div class=\"elementor-element elementor-element-b2da970 elementor-widget elementor-widget-spacer\" data-id=\"b2da970\" data-element_type=\"widget\" data-widget_type=\"spacer.default\">\n\t\t\t\t<div class=\"elementor-widget-container\">\n\t\t\t\t\t\t\t<div class=\"elementor-spacer\">\n\t\t\t<div class=\"elementor-spacer-inner\"><\/div>\n\t\t<\/div>\n\t\t\t\t\t\t<\/div>\n\t\t\t\t<\/div>\n\t\t\t\t\t<\/div>\n\t\t<\/div>\n\t\t\t\t\t<\/div>\n\t\t<\/section>\n\t\t\t\t<\/div>\n\t\t","protected":false},"excerpt":{"rendered":"<p>Nuestra Historia &#8211;El Origen Nuestra historia comienza con tres amigas abogadas que, a pesar de seguir caminos profesionales diferentes, se unieron por un objetivo com\u00fan:&hellip;<\/p>\n","protected":false},"author":1,"featured_media":0,"parent":0,"menu_order":0,"comment_status":"closed","ping_status":"closed","template":"elementor_theme","meta":{"_monsterinsights_skip_tracking":false,"_monsterinsights_sitenote_active":false,"_monsterinsights_sitenote_note":"","_monsterinsights_sitenote_category":0,"footnotes":""},"class_list":["post-2287","page","type-page","status-publish","hentry"],"_links":{"self":[{"href":"https:\/\/respuestapositiva.com\/index.php\/wp-json\/wp\/v2\/pages\/2287","targetHints":{"allow":["GET"]}}],"collection":[{"href":"https:\/\/respuestapositiva.com\/index.php\/wp-json\/wp\/v2\/pages"}],"about":[{"href":"https:\/\/respuestapositiva.com\/index.php\/wp-json\/wp\/v2\/types\/page"}],"author":[{"embeddable":true,"href":"https:\/\/respuestapositiva.com\/index.php\/wp-json\/wp\/v2\/users\/1"}],"replies":[{"embeddable":true,"href":"https:\/\/respuestapositiva.com\/index.php\/wp-json\/wp\/v2\/comments?post=2287"}],"version-history":[{"count":73,"href":"https:\/\/respuestapositiva.com\/index.php\/wp-json\/wp\/v2\/pages\/2287\/revisions"}],"predecessor-version":[{"id":3074,"href":"https:\/\/respuestapositiva.com\/index.php\/wp-json\/wp\/v2\/pages\/2287\/revisions\/3074"}],"wp:attachment":[{"href":"https:\/\/respuestapositiva.com\/index.php\/wp-json\/wp\/v2\/media?parent=2287"}],"curies":[{"name":"wp","href":"https:\/\/api.w.org\/{rel}","templated":true}]}}